{"id":1414,"date":"2023-03-07T14:51:15","date_gmt":"2023-03-07T14:51:15","guid":{"rendered":"https:\/\/www.devredenhof.nl\/?page_id=1414"},"modified":"2023-06-05T13:28:00","modified_gmt":"2023-06-05T13:28:00","slug":"datenschutz-und-cookies","status":"publish","type":"page","link":"https:\/\/www.devredenhof.nl\/de\/datenschutz-und-cookies\/","title":{"rendered":"Datenschutz- und Cookies"},"content":{"rendered":"<section class=\"two-box-sec \">\n    <div class=\"container\">\n        <div class=\"row\">\n            <div class=\"col-md-12\">\n                <div class=\"heading-top\">\n                    <h2>Datenschutz- und Cookie-Erkl\u00e4rung<\/h2>\n                <\/div>\n            <\/div>\n        <\/div>\n        <div class=\"row align-items-center image_box_alignment\">\n            <p>\u00dcber die Website devredenhof.nl werden datenschutzempfindliche Daten oder personenbezogene Daten verarbeitet. Das Bed and Breakfast Hotel Hoeve De Vredenhof (im Folgenden &#8222;De Vredenhof&#8220;) legt gro\u00dfen Wert auf den sorgf\u00e4ltigen Umgang mit personenbezogenen Daten. Personenbezogene Daten werden daher von uns gem\u00e4\u00df den Anforderungen der europ\u00e4ischen Datenschutzgesetze sorgf\u00e4ltig verarbeitet und gesch\u00fctzt.<\/p>\n<p>Bei unseren Verarbeitungst\u00e4tigkeiten halten wir die Anforderungen des Datenschutzrechts ein. Das bedeutet unter anderem, dass wir klar angeben, zu welchen Zwecken wir personenbezogene Daten verarbeiten, wie wir es in dieser Datenschutz- und Cookie-Erkl\u00e4rung tun;<\/p>\n<p>*bestrebt sind, die Erhebung personenbezogener Daten auf legitime Zwecke zu beschr\u00e4nken;<br \/>\n*Ihre ausdr\u00fcckliche Zustimmung zur Verarbeitung Ihrer personenbezogenen Daten einholen, wenn Ihre Zustimmung erforderlich ist;<br \/>\n*geeignete Sicherheitsma\u00dfnahmen zum Schutz Ihrer personenbezogenen Daten umsetzen und von Parteien, die personenbezogene Daten in unserem Auftrag verarbeiten, dasselbe verlangen;<br \/>\n*Ihr Recht respektieren, Einsicht in Ihre personenbezogenen Daten zu verlangen und sie berichtigen oder l\u00f6schen zu lassen.<\/p>\n<p>Wir fungieren als Verantwortliche f\u00fcr die Datenverarbeitung. In dieser Datenschutz- und Cookie-Erkl\u00e4rung erl\u00e4utern wir, welche personenbezogenen Daten wir sammeln und nutzen und zu welchen Zwecken. Wir empfehlen Ihnen, diese Erkl\u00e4rung sorgf\u00e4ltig zu lesen.<\/p>\n<p>Diese Datenschutz- und Cookie-Erkl\u00e4rung wurde zuletzt am 29. Mai 2023 aktualisiert.<\/p>\n<p><strong>VERARBEITUNG PERSONENBEZOGENER DATEN<\/strong><br \/>\nDurch die Nutzung unserer Website hinterlassen Sie bestimmte Daten bei uns, die personenbezogene Daten enthalten k\u00f6nnen. Wir speichern und verwenden nur personenbezogene Daten, die von Ihnen direkt zur Verf\u00fcgung gestellt werden oder die uns eindeutig zur Verarbeitung \u00fcbermittelt werden. Wir verwenden die personenbezogenen Daten nicht f\u00fcr andere Zwecke, es sei denn, Sie haben zuvor Ihre Zustimmung dazu gegeben.<\/p>\n<p>Wenn Sie unsere Website nutzen und\/oder per E-Mail oder Telefon mit uns kommunizieren, verarbeiten wir folgende personenbezogene Daten:<\/p>\n<p>*Vor- und Nachname;<br \/>\n*Geschlecht;<br \/>\n*E-Mail-Adresse;<br \/>\n*Adressdaten;<br \/>\n*Geolokalisierung;<br \/>\n*Nationalit\u00e4t und Sprache;<br \/>\n*Telefonnummer;<br \/>\n*IP-Adresse;<br \/>\n*Cookie-ID;<br \/>\n*Klick- und Surfverhalten;<br \/>\n*Social-Media-Konto.<\/p>\n<p><strong>ZWECKE DER VERARBEITUNG<\/strong><br \/>\nWir verarbeiten Ihre personenbezogenen Daten f\u00fcr folgende Zwecke:<\/p>\n<p>*Zugang zur Website devredenhof.nl erm\u00f6glichen;<br \/>\n*Nutzung der Funktionen auf der Website erm\u00f6glichen;<br \/>\n*Statistiken analysieren und die Website optimieren sowie \u00fcber die Wirkung unserer Marketingma\u00dfnahmen berichten und messen;<br \/>\n*die verschiedenen Funktionen auf der Website anbieten;<br \/>\n*Sie \u00fcber unsere kommerziellen Entwicklungen und personalisierten Angebote auf dem Laufenden halten, \u00fcber unseren Newsletter;<br \/>\n*Personalisierte Inhalte auf unserer Website anzeigen, die Ihren Interessen entsprechen.<\/p>\n<p><strong>AUFBEWAHRUNGSFRISTEN<\/strong><br \/>\nDie von uns erhobenen personenbezogenen Daten werden bis zwei Jahre nach dem letzten Kontaktdatum aufbewahrt. Personenbezogene Daten, die f\u00fcr andere Zwecke erhoben werden, werden nicht l\u00e4nger als erforderlich gespeichert, um die in dieser Datenschutz- und Cookie-Erkl\u00e4rung genannten Zwecke zu erreichen, es sei denn, De Vredenhof ist aufgrund einer gesetzlichen Verpflichtung zu einer l\u00e4ngeren Aufbewahrung verpflichtet.<\/p>\n<p><strong>NEWSLETTER<\/strong><br \/>\nWenn Sie eingewilligt haben, k\u00f6nnen wir Sie per E-Mail zu kommerziellen Zwecken mit personalisierten Angeboten kontaktieren. Jede E-Mail-Kommunikation enth\u00e4lt eine Option zum Abbestellen. Au\u00dferdem k\u00f6nnen Sie sich auch hier abmelden.<\/p>\n<p><strong>VERTRAULICHKEIT UND WEITERGABE AN DRITTE<\/strong><br \/>\nWir behandeln Ihre personenbezogenen Daten vertraulich. Wir werden Ihre Daten nicht zu Direktmarketingzwecken an Dritte weitergeben. Wir werden die von Ihnen bereitgestellten Daten nicht an Dritte weitergeben, sofern Sie Ihre Zustimmung nicht gegeben haben, es sei denn, dies ist f\u00fcr die Erf\u00fcllung des mit uns geschlossenen Vertrages erforderlich oder gesetzlich vorgeschrieben.<\/p>\n<p><strong>COOKIES<\/strong><br \/>\nCookies sind kleine Informationsdateien, die beim Besuch einer Website automatisch auf dem Ger\u00e4t (einschlie\u00dflich PC, Tablet oder Smartphone) des Website-Besuchers gespeichert oder von diesem gelesen werden k\u00f6nnen. Dies geschieht \u00fcber den Webbrowser auf dem Ger\u00e4t. Die Informationen, die \u00fcber die Verwendung unserer Website durch ein Cookie \u00fcbermittelt werden k\u00f6nnen, k\u00f6nnen auf den eigenen gesicherten Servern von De Vredenhof oder auf Servern eines Dritten \u00fcbertragen werden. Unsere Website verwendet Cookies. Cookies werden von uns platziert, aber auch von Dritten, die wir zu diesen Zwecken engagieren. Wir verwenden Cookies auf unserer Website f\u00fcr folgende Zwecke:<\/p>\n<p>*die Funktionalit\u00e4t unserer Website erm\u00f6glichen (technische und funktionale Cookies);<br \/>\n*generieren von Gesamtstatistiken und Einblick in die Nutzung unserer Website durch die \u00d6ffentlichkeit, um unsere Website und Dienstleistungen zu optimieren (Analyse-Cookies);<\/p>\n<p><strong>DEAKTIVIERUNG VON COOKIES<\/strong><br \/>\nSie k\u00f6nnen die Platzierung von Cookies verhindern, indem Sie die Einstellungen in Ihrem Browser anpassen (siehe Hilfe in Ihrem Browser, wie dies zu tun ist). Beachten Sie jedoch, dass das Deaktivieren von Cookies die Funktionalit\u00e4t dieser und vieler anderer Websites, die Sie besuchen, beeintr\u00e4chtigen kann. Das Deaktivieren von Cookies f\u00fchrt in der Regel auch dazu, dass bestimmte Funktionen und bestimmte Merkmale dieser Website deaktiviert werden. Daher wird empfohlen, Cookies nicht zu deaktivieren.<\/p>\n<p><strong>ENTFERNUNG VON COOKIES<\/strong><br \/>\nDie meisten Cookies haben ein Ablaufdatum. Das bedeutet, dass sie nach einer bestimmten Zeit automatisch ablaufen und keine Daten mehr \u00fcber Ihren Besuch der Website registrieren. Eine andere M\u00f6glichkeit besteht darin, die Cookies manuell vor dem Ablaufdatum zu entfernen. Lesen Sie dazu die Bedienungsanleitung Ihres Browsers.<\/p>\n<p><strong>SYSTEME VON DRITTANBIETERN<\/strong><br \/>\nWir verwenden Google Analytics, um Gesamtstatistiken zu generieren und Einblicke in die Nutzung unserer Website zu gewinnen, um unsere Website und Dienstleistungen zu optimieren. Google Analytics kann Datum und Uhrzeit des Zugriffs auf unsere Webseiten, Bildschirmaufl\u00f6sung des Ger\u00e4ts, Ger\u00e4tetyp, bevorzugte Sprache, Mausklicks, Mausbewegungen, Scrollaktivit\u00e4ten, Informationen zu besuchten Seiten, durchgef\u00fchrte Aktionen, Land, Betriebssystem und verwendeten Webbrowser erfassen.<\/p>\n<p><strong>SICHERHEIT<\/strong><br \/>\nWir ergreifen Sicherheitsma\u00dfnahmen, um den Missbrauch und den unbefugten Zugriff auf personenbezogene Daten einzuschr\u00e4nken. Konkret treffen wir folgende Ma\u00dfnahmen:<\/p>\n<p>*logische Zugangskontrolle auf der Basis von Passw\u00f6rtern und Social-Login-Authentifizierungssystemen;<br \/>\n*automatische Protokollierung aller Aktionen im Zusammenhang mit personenbezogenen Daten;<br \/>\n*Sicherung von Netzwerkverbindungen mit Secure Socket Layer (SSL) Technologie;<br \/>\n*zweckbezogene Zugriffsbeschr\u00e4nkungen;<br \/>\n*\u00dcberwachung gew\u00e4hrter Rechte.<\/p>\n<p><strong>DO-NOT-TRACK-ANFRAGEN<\/strong><br \/>\nSie k\u00f6nnen \u00fcber Ihren Browser eine Do-Not-Track-Anfrage an uns senden. Da unsere Website ohne diese Funktionen nicht optimal funktioniert, kommen wir solchen Anfragen nicht nach.<\/p>\n<p><strong>MINDERJ\u00c4HRIGE<\/strong><br \/>\nPersonen unter 18 Jahren d\u00fcrfen unsere Website nur unter Aufsicht ihrer Eltern oder rechtlichen Vertreter nutzen.<\/p>\n<p><strong>WEBSITES DRITTER<\/strong><br \/>\nDiese Erkl\u00e4rung gilt nicht f\u00fcr Websites Dritter, die mit unserer Website verlinkt sind. Wir k\u00f6nnen nicht garantieren, dass solche Dritten Ihre personenbezogenen Daten sorgf\u00e4ltig und sicher behandeln. Wir empfehlen Ihnen, die Datenschutzerkl\u00e4rungen ihrer Websites zu lesen, bevor Sie deren Websites nutzen.<\/p>\n<p><strong>\u00c4NDERUNGEN DIESER DATENSCHUTZ- UND COOKIE-ERKL\u00c4RUNG<br \/>\n<\/strong>Wir behalten uns das Recht vor, diese Erkl\u00e4rung zu \u00e4ndern. \u00c4nderungen werden auf unserer Website ver\u00f6ffentlicht. Wir empfehlen Ihnen, diese Erkl\u00e4rung regelm\u00e4\u00dfig zu \u00fcberpr\u00fcfen, um \u00fcber etwaige \u00c4nderungen informiert zu sein.<\/p>\n<p><strong>IHRE RECHTE IN BEZUG AUF IHRE DATEN<\/strong><br \/>\nWenn Sie personenbezogene Daten \u00fcber unsere Website bereitgestellt haben, k\u00f6nnen Sie uns eine Anfrage zur Einsichtnahme, \u00dcberpr\u00fcfung, Berichtigung, Einschr\u00e4nkung, \u00c4nderung, Daten\u00fcbertragbarkeit oder L\u00f6schung dieser Daten senden. Senden Sie Ihre Anfrage bitte an info@devredenhof.nl. Um Missbrauch zu verhindern, k\u00f6nnen wir Sie bitten, einen ordnungsgem\u00e4\u00dfen Identit\u00e4tsnachweis vorzulegen. Wenn Sie personenbezogene Daten, die mit einem Cookie verkn\u00fcpft sind, einsehen m\u00f6chten, f\u00fcgen Sie Ihrer Anfrage bitte eine Kopie des entsprechenden Cookies bei, das Sie in den Einstellungen Ihres Browsers finden.<\/p>\n<p><strong>NATIONALE AUFSICHTSBEH\u00d6RDE<\/strong><br \/>\nSelbstverst\u00e4ndlich helfen wir Ihnen auch gerne, wenn Sie Beschwerden \u00fcber die Verarbeitung Ihrer personenbezogenen Daten haben. Gem\u00e4\u00df den Datenschutzgesetzen haben Sie das Recht, bei der nationalen Aufsichtsbeh\u00f6r Deutschland in bezug auf den schutz personenbezogener daten gegen unsere verarbeitung Ihrer personenbezogenen daten eine beschwerde einzureichen. F\u00fcr Deutschland ist dies die &#8222;Bundesbeauftragte f\u00fcr den Datenschutz und die Informationsfreiheit&#8220;, die Sie \u00fcber ihre Website kontaktieren k\u00f6nnen (https:\/\/www.bfdi.bund.de).<\/p>\n<p><strong>KONTAKTDETAILS<\/strong><br \/>\nWenn Sie Fragen zu Ihrer Privatsph\u00e4re oder zu dieser Datenschutz- und Cookie-Erkl\u00e4rung haben, k\u00f6nnen Sie eine E-Mail an <a href=\"mailto:info@devredenhof.nl\" target=\"_blank\" rel=\"noopener\">info@devredenhof.nl<\/a> senden. Sie k\u00f6nnen uns auch \u00fcber die <a href=\"https:\/\/www.devredenhof.nl\/contact\/\" target=\"_blank\" rel=\"noopener\">Kontaktseite<\/a> auf unserer Website kontaktieren.<\/p>\n        <\/div>\n    <\/div>\n<\/section>","protected":false},"excerpt":{"rendered":"","protected":false},"author":6,"featured_media":0,"parent":0,"menu_order":0,"comment_status":"closed","ping_status":"open","template":"","meta":{"_acf_changed":false,"footnotes":""},"class_list":["post-1414","page","type-page","status-publish","hentry"],"acf":[],"yoast_head":"<!-- This site is optimized with the Yoast SEO plugin v27.5 - https:\/\/yoast.com\/product\/yoast-seo-wordpress\/ -->\n<title>Datenschutz- und Cookies - Bed &amp; Breakfast Hotel Hoeve De Vredenhof<\/title>\n<meta name=\"robots\" content=\"index, follow, max-snippet:-1, max-image-preview:large, max-video-preview:-1\" \/>\n<link rel=\"canonical\" href=\"https:\/\/www.devredenhof.nl\/de\/datenschutz-und-cookies\/\" \/>\n<meta property=\"og:locale\" content=\"de_DE\" \/>\n<meta property=\"og:type\" content=\"article\" \/>\n<meta property=\"og:title\" content=\"Datenschutz- und Cookies - Bed &amp; Breakfast Hotel Hoeve De Vredenhof\" \/>\n<meta property=\"og:url\" content=\"https:\/\/www.devredenhof.nl\/de\/datenschutz-und-cookies\/\" \/>\n<meta property=\"og:site_name\" content=\"Bed &amp; Breakfast Hotel Hoeve De Vredenhof\" \/>\n<meta property=\"article:modified_time\" content=\"2023-06-05T13:28:00+00:00\" \/>\n<meta name=\"twitter:card\" content=\"summary_large_image\" \/>\n<script type=\"application\/ld+json\" class=\"yoast-schema-graph\">{\"@context\":\"https:\\\/\\\/schema.org\",\"@graph\":[{\"@type\":\"WebPage\",\"@id\":\"https:\\\/\\\/www.devredenhof.nl\\\/de\\\/datenschutz-und-cookies\\\/\",\"url\":\"https:\\\/\\\/www.devredenhof.nl\\\/de\\\/datenschutz-und-cookies\\\/\",\"name\":\"Datenschutz- und Cookies - Bed &amp; Breakfast Hotel Hoeve De Vredenhof\",\"isPartOf\":{\"@id\":\"https:\\\/\\\/www.devredenhof.nl\\\/de\\\/#website\"},\"datePublished\":\"2023-03-07T14:51:15+00:00\",\"dateModified\":\"2023-06-05T13:28:00+00:00\",\"breadcrumb\":{\"@id\":\"https:\\\/\\\/www.devredenhof.nl\\\/de\\\/datenschutz-und-cookies\\\/#breadcrumb\"},\"inLanguage\":\"de\",\"potentialAction\":[{\"@type\":\"ReadAction\",\"target\":[\"https:\\\/\\\/www.devredenhof.nl\\\/de\\\/datenschutz-und-cookies\\\/\"]}]},{\"@type\":\"BreadcrumbList\",\"@id\":\"https:\\\/\\\/www.devredenhof.nl\\\/de\\\/datenschutz-und-cookies\\\/#breadcrumb\",\"itemListElement\":[{\"@type\":\"ListItem\",\"position\":1,\"name\":\"Home\",\"item\":\"https:\\\/\\\/www.devredenhof.nl\\\/de\\\/\"},{\"@type\":\"ListItem\",\"position\":2,\"name\":\"Datenschutz- und Cookies\"}]},{\"@type\":\"WebSite\",\"@id\":\"https:\\\/\\\/www.devredenhof.nl\\\/de\\\/#website\",\"url\":\"https:\\\/\\\/www.devredenhof.nl\\\/de\\\/\",\"name\":\"Bed &amp; Breakfast Hotel Hoeve De Vredenhof\",\"description\":\"\",\"potentialAction\":[{\"@type\":\"SearchAction\",\"target\":{\"@type\":\"EntryPoint\",\"urlTemplate\":\"https:\\\/\\\/www.devredenhof.nl\\\/de\\\/?s={search_term_string}\"},\"query-input\":{\"@type\":\"PropertyValueSpecification\",\"valueRequired\":true,\"valueName\":\"search_term_string\"}}],\"inLanguage\":\"de\"}]}<\/script>\n<!-- \/ Yoast SEO plugin. -->","yoast_head_json":{"title":"Datenschutz- und Cookies - Bed &amp; Breakfast Hotel Hoeve De Vredenhof","robots":{"index":"index","follow":"follow","max-snippet":"max-snippet:-1","max-image-preview":"max-image-preview:large","max-video-preview":"max-video-preview:-1"},"canonical":"https:\/\/www.devredenhof.nl\/de\/datenschutz-und-cookies\/","og_locale":"de_DE","og_type":"article","og_title":"Datenschutz- und Cookies - Bed &amp; Breakfast Hotel Hoeve De Vredenhof","og_url":"https:\/\/www.devredenhof.nl\/de\/datenschutz-und-cookies\/","og_site_name":"Bed &amp; Breakfast Hotel Hoeve De Vredenhof","article_modified_time":"2023-06-05T13:28:00+00:00","twitter_card":"summary_large_image","schema":{"@context":"https:\/\/schema.org","@graph":[{"@type":"WebPage","@id":"https:\/\/www.devredenhof.nl\/de\/datenschutz-und-cookies\/","url":"https:\/\/www.devredenhof.nl\/de\/datenschutz-und-cookies\/","name":"Datenschutz- und Cookies - Bed &amp; Breakfast Hotel Hoeve De Vredenhof","isPartOf":{"@id":"https:\/\/www.devredenhof.nl\/de\/#website"},"datePublished":"2023-03-07T14:51:15+00:00","dateModified":"2023-06-05T13:28:00+00:00","breadcrumb":{"@id":"https:\/\/www.devredenhof.nl\/de\/datenschutz-und-cookies\/#breadcrumb"},"inLanguage":"de","potentialAction":[{"@type":"ReadAction","target":["https:\/\/www.devredenhof.nl\/de\/datenschutz-und-cookies\/"]}]},{"@type":"BreadcrumbList","@id":"https:\/\/www.devredenhof.nl\/de\/datenschutz-und-cookies\/#breadcrumb","itemListElement":[{"@type":"ListItem","position":1,"name":"Home","item":"https:\/\/www.devredenhof.nl\/de\/"},{"@type":"ListItem","position":2,"name":"Datenschutz- und Cookies"}]},{"@type":"WebSite","@id":"https:\/\/www.devredenhof.nl\/de\/#website","url":"https:\/\/www.devredenhof.nl\/de\/","name":"Bed &amp; Breakfast Hotel Hoeve De Vredenhof","description":"","potentialAction":[{"@type":"SearchAction","target":{"@type":"EntryPoint","urlTemplate":"https:\/\/www.devredenhof.nl\/de\/?s={search_term_string}"},"query-input":{"@type":"PropertyValueSpecification","valueRequired":true,"valueName":"search_term_string"}}],"inLanguage":"de"}]}},"_links":{"self":[{"href":"https:\/\/www.devredenhof.nl\/de\/wp-json\/wp\/v2\/pages\/1414","targetHints":{"allow":["GET"]}}],"collection":[{"href":"https:\/\/www.devredenhof.nl\/de\/wp-json\/wp\/v2\/pages"}],"about":[{"href":"https:\/\/www.devredenhof.nl\/de\/wp-json\/wp\/v2\/types\/page"}],"author":[{"embeddable":true,"href":"https:\/\/www.devredenhof.nl\/de\/wp-json\/wp\/v2\/users\/6"}],"replies":[{"embeddable":true,"href":"https:\/\/www.devredenhof.nl\/de\/wp-json\/wp\/v2\/comments?post=1414"}],"version-history":[{"count":4,"href":"https:\/\/www.devredenhof.nl\/de\/wp-json\/wp\/v2\/pages\/1414\/revisions"}],"predecessor-version":[{"id":1418,"href":"https:\/\/www.devredenhof.nl\/de\/wp-json\/wp\/v2\/pages\/1414\/revisions\/1418"}],"wp:attachment":[{"href":"https:\/\/www.devredenhof.nl\/de\/wp-json\/wp\/v2\/media?parent=1414"}],"curies":[{"name":"wp","href":"https:\/\/api.w.org\/{rel}","templated":true}]}}